{"id":1303,"date":"2020-12-08T03:53:12","date_gmt":"2020-12-08T03:53:12","guid":{"rendered":"https:\/\/gaviaspreview.com\/wp\/fude\/?page_id=21"},"modified":"2026-02-19T18:36:54","modified_gmt":"2026-02-19T21:36:54","slug":"sobre","status":"publish","type":"page","link":"https:\/\/iebaba.com.br\/index.php\/sobre\/","title":{"rendered":"About"},"content":{"rendered":"\t\t<div data-elementor-type=\"wp-page\" data-elementor-id=\"1303\" class=\"elementor elementor-1303\">\n\t\t\t\t\t\t<section class=\"elementor-section elementor-top-section elementor-element elementor-element-cc83c20 elementor-section-boxed elementor-section-height-default elementor-section-height-default\" data-id=\"cc83c20\" data-element_type=\"section\" data-settings=\"{&quot;background_background&quot;:&quot;slideshow&quot;,&quot;background_slideshow_gallery&quot;:[{&quot;id&quot;:1481,&quot;url&quot;:&quot;https:\\\/\\\/iebaba.com.br\\\/wp-content\\\/uploads\\\/2025\\\/10\\\/padrao_png-scaled.png&quot;},{&quot;id&quot;:1488,&quot;url&quot;:&quot;https:\\\/\\\/iebaba.com.br\\\/wp-content\\\/uploads\\\/2025\\\/10\\\/estrela-estilizada_png-scaled.png&quot;},{&quot;id&quot;:1489,&quot;url&quot;:&quot;https:\\\/\\\/iebaba.com.br\\\/wp-content\\\/uploads\\\/2025\\\/10\\\/lapis_png.png&quot;},{&quot;id&quot;:1490,&quot;url&quot;:&quot;https:\\\/\\\/iebaba.com.br\\\/wp-content\\\/uploads\\\/2025\\\/10\\\/flor_png.png&quot;}],&quot;background_slideshow_ken_burns&quot;:&quot;yes&quot;,&quot;background_slideshow_loop&quot;:&quot;yes&quot;,&quot;background_slideshow_slide_duration&quot;:5000,&quot;background_slideshow_slide_transition&quot;:&quot;fade&quot;,&quot;background_slideshow_transition_duration&quot;:500,&quot;background_slideshow_ken_burns_zoom_direction&quot;:&quot;in&quot;}\">\n\t\t\t\t\t\t<div class=\"elementor-container elementor-column-gap-default\">\n\t\t\t\t\t<div class=\"elementor-column elementor-col-100 elementor-top-column elementor-element elementor-element-d6d0623\" data-id=\"d6d0623\" data-element_type=\"column\">\n\t\t\t<div class=\"elementor-widget-wrap elementor-element-populated\">\n\t\t\t\t\t\t<div class=\"elementor-element elementor-element-af9ebd6 elementor-widget elementor-widget-gva-heading-block\" data-id=\"af9ebd6\" data-element_type=\"widget\" data-widget_type=\"gva-heading-block.default\">\n\t\t\t\t<div class=\"elementor-widget-container\">\n\t\t\t\t\t<div class=\"gva-element-gva-heading-block gva-element\">   <div class=\"align-center style-1 widget gsc-heading box-align-left auto-responsive\">\r\n      <div class=\"content-inner\">\r\n         \r\n         \r\n           \r\n         \r\n                     <h2 class=\"title\">\r\n               <span>Sobre n\u00f3s<\/span>\r\n            <\/h2>\r\n                  \r\n         \r\n      <\/div>\r\n   <\/div>\r\n<\/div>\t\t\t\t<\/div>\n\t\t\t\t<\/div>\n\t\t\t\t\t<\/div>\n\t\t<\/div>\n\t\t\t\t\t<\/div>\n\t\t<\/section>\n\t\t\t\t<section class=\"elementor-section elementor-top-section elementor-element elementor-element-cfe9709 elementor-section-boxed elementor-section-height-default elementor-section-height-default\" data-id=\"cfe9709\" data-element_type=\"section\">\n\t\t\t\t\t\t<div class=\"elementor-container elementor-column-gap-default\">\n\t\t\t\t\t<div class=\"elementor-column elementor-col-50 elementor-top-column elementor-element elementor-element-b600727\" data-id=\"b600727\" data-element_type=\"column\">\n\t\t\t<div class=\"elementor-widget-wrap elementor-element-populated\">\n\t\t\t\t\t\t<div class=\"elementor-element elementor-element-3ce9dddb elementor-widget elementor-widget-gva-heading-block\" data-id=\"3ce9dddb\" data-element_type=\"widget\" data-widget_type=\"gva-heading-block.default\">\n\t\t\t\t<div class=\"elementor-widget-container\">\n\t\t\t\t\t<div class=\"gva-element-gva-heading-block gva-element\">   <div class=\"align-left style-1 widget gsc-heading box-align-left auto-responsive\">\r\n      <div class=\"content-inner\">\r\n         \r\n         \r\n                     <div class=\"sub-title\">\r\n               <span class=\"tagline\">Sobre n\u00f3s<\/span>\r\n                                 <span class=\"shadow-text\">Sobre<\/span>\r\n                  \r\n            <\/div>\r\n           \r\n         \r\n                     <h2 class=\"title\">\r\n               <span>Conhe\u00e7a Iebaba<\/span>\r\n            <\/h2>\r\n                              <div class=\"title-desc\">O Instituto Educacional Baia e Batuca (IEBABA) \u00e9 um projeto social que nasceu do hist\u00f3rico Bumba Meu Boi de Pindar\u00e9 \u2014 grupo cultural fundado em 1960 e reconhecido como patrim\u00f4nio cultural do Maranh\u00e3o. Localizado no Bairro de F\u00e1tima, em S\u00e3o Lu\u00eds, o IEBABA atende crian\u00e7as e adolescentes da comunidade, oferecendo desenvolvimento musical, socioemocional, lingu\u00edstico e profissional por meio de aulas de musicaliza\u00e7\u00e3o, ingl\u00eas, brincadeiras, passeios e apresenta\u00e7\u00f5es. Com uma equipe volunt\u00e1ria dedicada, o Instituto busca ampliar os horizontes culturais, educacionais e lingu\u00edsticos dos alunos, sempre valorizando as ra\u00edzes da cultura popular maranhense e incentivando o respeito pela tradi\u00e7\u00e3o e pelos mestres.\nAl\u00e9m da forma\u00e7\u00e3o musical e do ensino de ingl\u00eas, o IEBABA promove um ambiente inclusivo e comunit\u00e1rio, onde fam\u00edlias, brincantes e volunt\u00e1rios colaboram ativamente. O projeto fortalece a identidade cultural, desconstr\u00f3i estere\u00f3tipos de g\u00eanero e acolhe crian\u00e7as respeitando suas diferen\u00e7as, criando um espa\u00e7o seguro para o aprendizado e a express\u00e3o. Ao unir educa\u00e7\u00e3o, arte, cultura e novas linguagens, o IEBABA n\u00e3o apenas preserva uma heran\u00e7a cultural valiosa, mas tamb\u00e9m abre portas para que novas gera\u00e7\u00f5es transformem seu talento em oportunidades de futuro.\n<\/div>\r\n         \r\n         \r\n      <\/div>\r\n   <\/div>\r\n<\/div>\t\t\t\t<\/div>\n\t\t\t\t<\/div>\n\t\t\t\t<div class=\"elementor-element elementor-element-d1ee556 elementor-widget elementor-widget-heading\" data-id=\"d1ee556\" data-element_type=\"widget\" data-widget_type=\"heading.default\">\n\t\t\t\t\t<h2 class=\"elementor-heading-title elementor-size-default\">Membros Fundadores<\/h2>\t\t\t\t<\/div>\n\t\t\t\t<div class=\"elementor-element elementor-element-f4cbfa2 elementor-position-left icon-box-left elementor-view-default elementor-mobile-position-top elementor-widget elementor-widget-icon-box\" data-id=\"f4cbfa2\" data-element_type=\"widget\" data-widget_type=\"icon-box.default\">\n\t\t\t\t\t\t\t<div class=\"elementor-icon-box-wrapper\">\n\n\t\t\t\t\t\t<div class=\"elementor-icon-box-icon\">\n\t\t\t\t<span  class=\"elementor-icon\">\n\t\t\t\t<i aria-hidden=\"true\" class=\"fas fa-check-circle\"><\/i>\t\t\t\t<\/span>\n\t\t\t<\/div>\n\t\t\t\n\t\t\t\t\t\t<div class=\"elementor-icon-box-content\">\n\n\t\t\t\t\t\t\t\t\t<h3 class=\"elementor-icon-box-title\">\n\t\t\t\t\t\t<span  >\n\t\t\t\t\t\t\tBenedita Arouche: Presidente do Boi de Pindar\u00e9\t\t\t\t\t\t<\/span>\n\t\t\t\t\t<\/h3>\n\t\t\t\t\n\t\t\t\t\n\t\t\t<\/div>\n\t\t\t\n\t\t<\/div>\n\t\t\t\t\t\t<\/div>\n\t\t\t\t<div class=\"elementor-element elementor-element-b9b5011 elementor-position-left icon-box-left elementor-view-default elementor-mobile-position-top elementor-widget elementor-widget-icon-box\" data-id=\"b9b5011\" data-element_type=\"widget\" data-widget_type=\"icon-box.default\">\n\t\t\t\t\t\t\t<div class=\"elementor-icon-box-wrapper\">\n\n\t\t\t\t\t\t<div class=\"elementor-icon-box-icon\">\n\t\t\t\t<span  class=\"elementor-icon\">\n\t\t\t\t<i aria-hidden=\"true\" class=\"fas fa-check-circle\"><\/i>\t\t\t\t<\/span>\n\t\t\t<\/div>\n\t\t\t\n\t\t\t\t\t\t<div class=\"elementor-icon-box-content\">\n\n\t\t\t\t\t\t\t\t\t<h3 class=\"elementor-icon-box-title\">\n\t\t\t\t\t\t<span  >\n\t\t\t\t\t\t\tCamila Marques: Psic\u00f3loga e Professora\t\t\t\t\t\t<\/span>\n\t\t\t\t\t<\/h3>\n\t\t\t\t\n\t\t\t\t\n\t\t\t<\/div>\n\t\t\t\n\t\t<\/div>\n\t\t\t\t\t\t<\/div>\n\t\t\t\t<div class=\"elementor-element elementor-element-c226a97 elementor-position-left icon-box-left elementor-view-default elementor-mobile-position-top elementor-widget elementor-widget-icon-box\" data-id=\"c226a97\" data-element_type=\"widget\" data-widget_type=\"icon-box.default\">\n\t\t\t\t\t\t\t<div class=\"elementor-icon-box-wrapper\">\n\n\t\t\t\t\t\t<div class=\"elementor-icon-box-icon\">\n\t\t\t\t<span  class=\"elementor-icon\">\n\t\t\t\t<i aria-hidden=\"true\" class=\"fas fa-check-circle\"><\/i>\t\t\t\t<\/span>\n\t\t\t<\/div>\n\t\t\t\n\t\t\t\t\t\t<div class=\"elementor-icon-box-content\">\n\n\t\t\t\t\t\t\t\t\t<h3 class=\"elementor-icon-box-title\">\n\t\t\t\t\t\t<span  >\n\t\t\t\t\t\t\tMarcos Lamy: Professor de M\u00fasica e Cientista Social\t\t\t\t\t\t<\/span>\n\t\t\t\t\t<\/h3>\n\t\t\t\t\n\t\t\t\t\n\t\t\t<\/div>\n\t\t\t\n\t\t<\/div>\n\t\t\t\t\t\t<\/div>\n\t\t\t\t<div class=\"elementor-element elementor-element-840ed74 elementor-widget__width-auto elementor-widget elementor-widget-html\" data-id=\"840ed74\" data-element_type=\"widget\" data-widget_type=\"html.default\">\n\t\t\t\t\t<a class=\"btn-theme\" href=\"https:\/\/gaviaspreview.com\/wp\/fude\/about\/\">\n   Saiba mais\n<\/a>\t\t\t\t<\/div>\n\t\t\t\t\t<\/div>\n\t\t<\/div>\n\t\t\t\t<div class=\"elementor-column elementor-col-50 elementor-top-column elementor-element elementor-element-bdc7059\" data-id=\"bdc7059\" data-element_type=\"column\">\n\t\t\t<div class=\"elementor-widget-wrap elementor-element-populated\">\n\t\t\t\t\t\t<div class=\"elementor-element elementor-element-fa05f0b elementor-widget elementor-widget-gva-image-content\" data-id=\"fa05f0b\" data-element_type=\"widget\" data-widget_type=\"gva-image-content.default\">\n\t\t\t\t<div class=\"elementor-widget-container\">\n\t\t\t\t\t<div class=\"gva-element-gva-image-content gva-element\">\t\t\r\n\t  \r\n\t \r\n\r\n\t \r\n\r\n\t\r\n \r\n\r\n\t<div class=\"gsc-image-content skin-v5\">\r\n\t  \r\n\t  \t\t <div class=\"image\">\r\n\t\t\t<img decoding=\"async\" src=\"https:\/\/iebaba.com.br\/wp-content\/uploads\/2025\/10\/quarta-pagina.png\" alt=\"Quality Standards\" \/>  \r\n\t\t <\/div>\r\n\t  \r\n\t  \t\t <div class=\"image-second\">\r\n\t\t\r\n\t\t\t<div class=\"image-second-inner\">\r\n\t\t\t  <img decoding=\"async\" src=\"https:\/\/iebaba.com.br\/wp-content\/uploads\/2025\/10\/Ilustracoes-de-apoio-1_png-scaled.png\" alt=\"Quality Standards\" \/>  \r\n\t\t\t<\/div>  \r\n\t\t <\/div>\r\n\t  \t  \t<div class=\"bg-dot\"><\/div>\r\n\t<\/div>\r\n  \r\n\r\n \r\n\r\n <\/div>\t\t\t\t<\/div>\n\t\t\t\t<\/div>\n\t\t\t\t\t<\/div>\n\t\t<\/div>\n\t\t\t\t\t<\/div>\n\t\t<\/section>\n\t\t\t\t<\/div>\n\t\t","protected":false},"excerpt":{"rendered":"<p>Sobre n\u00f3s Sobre n\u00f3s Sobre Conhe\u00e7a Iebaba O Instituto Educacional Baia e Batuca (IEBABA) \u00e9 um projeto social que nasceu do hist\u00f3rico Bumba Meu Boi de Pindar\u00e9 \u2014 grupo cultural [&hellip;]<\/p>\n","protected":false},"author":1,"featured_media":1481,"parent":0,"menu_order":0,"comment_status":"closed","ping_status":"closed","template":"","meta":{"footnotes":""},"class_list":["post-1303","page","type-page","status-publish","has-post-thumbnail","hentry"],"wpcf_dashboard":"<div class=\"woocommerce\"><div class=\"woocommerce-info\">Fazer login primeiro? <a class=\"wpneoShowLogin\" href=\"#\">Clique aqui para entrar<\/a><\/div><div class=\"wpneo_login_form_div\" style=\"display: none;\"><form name=\"loginform\" id=\"loginform\" action=\"https:\/\/iebaba.com.br\/wp-login.php\" method=\"post\"><p class=\"login-username\">\n\t\t\t\t<label for=\"user_login\">Nome de usu\u00e1rio ou endere\u00e7o de e-mail<\/label>\n\t\t\t\t<input type=\"text\" name=\"log\" id=\"user_login\" autocomplete=\"username\" class=\"input\" value=\"\" size=\"20\" \/>\n\t\t\t<\/p><p class=\"login-password\">\n\t\t\t\t<label for=\"user_pass\">Senha<\/label>\n\t\t\t\t<input type=\"password\" name=\"pwd\" id=\"user_pass\" autocomplete=\"current-password\" spellcheck=\"false\" class=\"input\" value=\"\" size=\"20\" \/>\n\t\t\t<\/p><p class=\"login-remember\"><label><input name=\"rememberme\" type=\"checkbox\" id=\"rememberme\" value=\"forever\" \/> Lembrar-me<\/label><\/p><p class=\"login-submit\">\n\t\t\t\t<input type=\"submit\" name=\"wp-submit\" id=\"wp-submit\" class=\"button button-primary\" value=\"Acessar\" \/>\n\t\t\t\t<input type=\"hidden\" name=\"redirect_to\" value=\"https:\/\/iebaba.com.br\/index.php\/wp-json\/wp\/v2\/pages\/1303\" \/>\n\t\t\t<\/p><\/form><\/div><\/div>","_links":{"self":[{"href":"https:\/\/iebaba.com.br\/index.php\/wp-json\/wp\/v2\/pages\/1303","targetHints":{"allow":["GET"]}}],"collection":[{"href":"https:\/\/iebaba.com.br\/index.php\/wp-json\/wp\/v2\/pages"}],"about":[{"href":"https:\/\/iebaba.com.br\/index.php\/wp-json\/wp\/v2\/types\/page"}],"author":[{"embeddable":true,"href":"https:\/\/iebaba.com.br\/index.php\/wp-json\/wp\/v2\/users\/1"}],"replies":[{"embeddable":true,"href":"https:\/\/iebaba.com.br\/index.php\/wp-json\/wp\/v2\/comments?post=1303"}],"version-history":[{"count":16,"href":"https:\/\/iebaba.com.br\/index.php\/wp-json\/wp\/v2\/pages\/1303\/revisions"}],"predecessor-version":[{"id":1642,"href":"https:\/\/iebaba.com.br\/index.php\/wp-json\/wp\/v2\/pages\/1303\/revisions\/1642"}],"wp:featuredmedia":[{"embeddable":true,"href":"https:\/\/iebaba.com.br\/index.php\/wp-json\/wp\/v2\/media\/1481"}],"wp:attachment":[{"href":"https:\/\/iebaba.com.br\/index.php\/wp-json\/wp\/v2\/media?parent=1303"}],"curies":[{"name":"wp","href":"https:\/\/api.w.org\/{rel}","templated":true}]}}